{"id":11,"date":"2023-05-13T00:15:17","date_gmt":"2023-05-13T00:15:17","guid":{"rendered":"https:\/\/beitir.is\/?page_id=11"},"modified":"2023-08-28T10:56:22","modified_gmt":"2023-08-28T10:56:22","slug":"forsida","status":"publish","type":"page","link":"https:\/\/beitir.is\/en\/","title":{"rendered":"Home"},"content":{"rendered":"<p>[et_pb_section fb_built=&#8220;1&#8243; admin_label=&#8220;Hero Section&#8220; _builder_version=&#8220;4.22.1&#8243; background_color=&#8220;#d3dae4&#8243; background_image=&#8220;http:\/\/beitir.is\/wp-content\/uploads\/2023\/08\/Beitir_hus_DSC_6514.jpg&#8220; width=&#8220;75%&#8220; max_width=&#8220;75%&#8220; module_alignment=&#8220;center&#8220; min_height=&#8220;800px&#8220; min_height_tablet=&#8220;400px&#8220; min_height_phone=&#8220;400px&#8220; min_height_last_edited=&#8220;on|desktop&#8220; height=&#8220;800px&#8220; height_tablet=&#8220;800px&#8220; height_phone=&#8220;800px&#8220; height_last_edited=&#8220;on|phone&#8220; max_height=&#8220;400px&#8220; custom_margin=&#8220;16px||||false|true&#8220; custom_margin_tablet=&#8220;&#8220; custom_margin_phone=&#8220;0px|0px|0px|0px&#8220; custom_margin_last_edited=&#8220;on|phone&#8220; custom_padding=&#8220;||||true|true&#8220; hover_enabled=&#8220;0&#8243; collapsed=&#8220;off&#8220; global_colors_info=&#8220;{}&#8220; title_text=&#8220;Beitir_hu\u0301s_DSC_6514&#8243; sticky_enabled=&#8220;0&#8243;][\/et_pb_section][et_pb_section fb_built=&#8220;1&#8243; admin_label=&#8220;Features&#8220; _builder_version=&#8220;4.16&#8243; custom_padding=&#8220;110px||56px|||&#8220; collapsed=&#8220;off&#8220; global_colors_info=&#8220;{}&#8220;][et_pb_row column_structure=&#8220;1_3,1_3,1_3&#8243; _builder_version=&#8220;4.22.1&#8243; collapsed=&#8220;off&#8220; global_colors_info=&#8220;{}&#8220;][et_pb_column type=&#8220;1_3&#8243; _builder_version=&#8220;4.16&#8243; custom_padding=&#8220;|||&#8220; global_colors_info=&#8220;{}&#8220; custom_padding__hover=&#8220;|||&#8220;][et_pb_text admin_label=&#8220;Number&#8220; _builder_version=&#8220;4.16&#8243; text_font=&#8220;Roboto||||&#8220; text_text_color=&#8220;#2a2a2a&#8220; text_font_size=&#8220;60px&#8220; custom_margin=&#8220;|||&#8220; custom_padding=&#8220;||10px|&#8220; animation_style=&#8220;fade&#8220; global_colors_info=&#8220;{}&#8220;]01<br \/>\n[\/et_pb_text][et_pb_text admin_label=&#8220;Title&#8220; _builder_version=&#8220;4.21.0&#8243; text_font=&#8220;||||||||&#8220; header_font=&#8220;||||||||&#8220; header_2_font=&#8220;||||||||&#8220; header_4_font=&#8220;Roboto|700||on|||||&#8220; header_4_letter_spacing=&#8220;1px&#8220; header_4_line_height=&#8220;1.4em&#8220; custom_margin=&#8220;||10px|&#8220; custom_padding=&#8220;|||&#8220; animation_style=&#8220;fade&#8220; global_colors_info=&#8220;{}&#8220;]<\/p>\n<h4>Quality<\/h4>\n<p>[\/et_pb_text][et_pb_divider color=&#8220;#E02B20&#8243; divider_weight=&#8220;2px&#8220; disabled_on=&#8220;off|off|off&#8220; _builder_version=&#8220;4.21.0&#8243; max_width=&#8220;100px&#8220; animation_style=&#8220;fade&#8220; locked=&#8220;off&#8220; global_colors_info=&#8220;{}&#8220;][\/et_pb_divider][et_pb_text _builder_version=&#8220;4.21.0&#8243; text_font=&#8220;||||||||&#8220; text_font_size=&#8220;16px&#8220; text_line_height=&#8220;1.8em&#8220; custom_margin=&#8220;-30px|||&#8220; animation_style=&#8220;fade&#8220; global_colors_info=&#8220;{}&#8220;]<\/p>\n<p><span>All our design and construction is based on obtaining the highest quality and durability of all our equipment<\/span><\/p>\n<p>[\/et_pb_text][\/et_pb_column][et_pb_column type=&#8220;1_3&#8243; _builder_version=&#8220;4.16&#8243; custom_padding=&#8220;|||&#8220; global_colors_info=&#8220;{}&#8220; custom_padding__hover=&#8220;|||&#8220;][et_pb_text admin_label=&#8220;Number&#8220; _builder_version=&#8220;4.16&#8243; text_font=&#8220;Roboto||||&#8220; text_text_color=&#8220;#2a2a2a&#8220; text_font_size=&#8220;60px&#8220; custom_margin=&#8220;|||&#8220; custom_padding=&#8220;||10px|&#8220; animation_style=&#8220;fade&#8220; animation_delay=&#8220;100ms&#8220; global_colors_info=&#8220;{}&#8220;]02<br \/>\n[\/et_pb_text][et_pb_text admin_label=&#8220;Title&#8220; _builder_version=&#8220;4.21.0&#8243; text_font=&#8220;||||||||&#8220; header_font=&#8220;||||||||&#8220; header_2_font=&#8220;||||||||&#8220; header_4_font=&#8220;Roboto|700||on|||||&#8220; header_4_letter_spacing=&#8220;1px&#8220; header_4_line_height=&#8220;1.4em&#8220; custom_margin=&#8220;||10px|&#8220; custom_padding=&#8220;|||&#8220; animation_style=&#8220;fade&#8220; global_colors_info=&#8220;{}&#8220;]<\/p>\n<h4>Services<\/h4>\n<p>[\/et_pb_text][et_pb_divider color=&#8220;#E02B20&#8243; divider_weight=&#8220;2px&#8220; disabled_on=&#8220;off|off|off&#8220; _builder_version=&#8220;4.21.0&#8243; max_width=&#8220;100px&#8220; animation_style=&#8220;fade&#8220; locked=&#8220;off&#8220; global_colors_info=&#8220;{}&#8220;][\/et_pb_divider][et_pb_text _builder_version=&#8220;4.21.0&#8243; text_font=&#8220;||||||||&#8220; text_font_size=&#8220;16px&#8220; text_line_height=&#8220;1.8em&#8220; custom_margin=&#8220;-30px|||&#8220; animation_style=&#8220;fade&#8220; locked=&#8220;off&#8220; global_colors_info=&#8220;{}&#8220;]<\/p>\n<p><span>We put a lot of effort into good service both by having all wearing parts in stock at any given time and by having all services personally by working in consultation with customers<\/span><\/p>\n<p>[\/et_pb_text][\/et_pb_column][et_pb_column type=&#8220;1_3&#8243; _builder_version=&#8220;4.16&#8243; custom_padding=&#8220;|||&#8220; global_colors_info=&#8220;{}&#8220; custom_padding__hover=&#8220;|||&#8220;][et_pb_text admin_label=&#8220;Number&#8220; _builder_version=&#8220;4.16&#8243; text_font=&#8220;Roboto||||&#8220; text_text_color=&#8220;#2a2a2a&#8220; text_font_size=&#8220;60px&#8220; custom_margin=&#8220;|||&#8220; custom_padding=&#8220;||10px|&#8220; animation_style=&#8220;fade&#8220; animation_delay=&#8220;200ms&#8220; locked=&#8220;off&#8220; global_colors_info=&#8220;{}&#8220;]03<br \/>\n[\/et_pb_text][et_pb_text admin_label=&#8220;Title&#8220; _builder_version=&#8220;4.21.0&#8243; text_font=&#8220;||||||||&#8220; header_font=&#8220;||||||||&#8220; header_2_font=&#8220;||||||||&#8220; header_4_font=&#8220;Roboto|700||on|||||&#8220; header_4_letter_spacing=&#8220;1px&#8220; header_4_line_height=&#8220;1.4em&#8220; custom_margin=&#8220;||10px|&#8220; custom_padding=&#8220;|||&#8220; animation_style=&#8220;fade&#8220; locked=&#8220;off&#8220; global_colors_info=&#8220;{}&#8220;]<\/p>\n<h4>Warrenty<\/h4>\n<p>[\/et_pb_text][et_pb_divider color=&#8220;#E02B20&#8243; divider_weight=&#8220;2px&#8220; disabled_on=&#8220;off|off|off&#8220; _builder_version=&#8220;4.21.0&#8243; max_width=&#8220;100px&#8220; animation_style=&#8220;fade&#8220; locked=&#8220;off&#8220; global_colors_info=&#8220;{}&#8220;][\/et_pb_divider][et_pb_text _builder_version=&#8220;4.21.0&#8243; text_font=&#8220;||||||||&#8220; text_font_size=&#8220;16px&#8220; text_line_height=&#8220;1.8em&#8220; custom_margin=&#8220;-30px|||&#8220; animation_style=&#8220;fade&#8220; locked=&#8220;off&#8220; global_colors_info=&#8220;{}&#8220;]<\/p>\n<p><span>We attach great importance to all products that leave us meeting both our and the customer's requirements<\/span><\/p>\n<p>[\/et_pb_text][\/et_pb_column][\/et_pb_row][\/et_pb_section][et_pb_section fb_built=&#8220;1&#8243; admin_label=&#8220;Popular Product Section&#8220; _builder_version=&#8220;4.16&#8243; custom_padding=&#8220;5px|0px|110px|0px||&#8220; collapsed=&#8220;off&#8220; global_colors_info=&#8220;{}&#8220;][et_pb_row _builder_version=&#8220;4.16&#8243; custom_padding=&#8220;|||&#8220; global_colors_info=&#8220;{}&#8220;][et_pb_column type=&#8220;4_4&#8243; _builder_version=&#8220;4.16&#8243; custom_padding=&#8220;|||&#8220; global_colors_info=&#8220;{}&#8220; custom_padding__hover=&#8220;|||&#8220;][et_pb_text admin_label=&#8220;Popular Products Title&#8220; _builder_version=&#8220;4.21.0&#8243; text_font=&#8220;||||||||&#8220; header_font=&#8220;||||||||&#8220; header_2_font=&#8220;Roboto|700||on|||||&#8220; header_2_text_align=&#8220;center&#8220; header_2_font_size=&#8220;30px&#8220; header_2_letter_spacing=&#8220;4px&#8220; header_2_line_height=&#8220;1.2em&#8220; module_alignment=&#8220;center&#8220; custom_margin=&#8220;||10px|&#8220; custom_padding=&#8220;|||&#8220; animation_style=&#8220;fade&#8220; locked=&#8220;off&#8220; global_colors_info=&#8220;{}&#8220;]<\/p>\n<h2>Beitir ehf<\/h2>\n<p>[\/et_pb_text][et_pb_divider color=&#8220;#E02B20&#8243; divider_weight=&#8220;2px&#8220; disabled_on=&#8220;off|off|off&#8220; _builder_version=&#8220;4.21.0&#8243; max_width=&#8220;200px&#8220; module_alignment=&#8220;center&#8220; animation_style=&#8220;fade&#8220; custom_css_main_element=&#8220;||&#8220; locked=&#8220;off&#8220; global_colors_info=&#8220;{}&#8220;][\/et_pb_divider][\/et_pb_column][\/et_pb_row][et_pb_row _builder_version=&#8220;4.21.0&#8243; _module_preset=&#8220;default&#8220; global_colors_info=&#8220;{}&#8220;][et_pb_column type=&#8220;4_4&#8243; _builder_version=&#8220;4.21.0&#8243; _module_preset=&#8220;default&#8220; global_colors_info=&#8220;{}&#8220;][et_pb_text _builder_version=&#8220;4.21.0&#8243; _module_preset=&#8220;default&#8220; global_colors_info=&#8220;{}&#8220;]<\/p>\n<p><span>Beitir is a family business and has been operating since 1988. We specialize in stainless steel construction and have a lot of knowledge in that field. Our main projects have been related to the fishing industry, mainly line and tire equipment for boats and various equipment for fish processing, e.g. conveyors and operation and input carts.\nMany of our projects are custom construction and we help customers find solutions in design and implementation.\u00a0<\/span><br \/><span>Miki\u00f0 af okkar verkefnum eru s\u00e9rsm\u00ed\u00f0i og a\u00f0sto\u00f0um vi\u00f0 vi\u00f0skiptavini vi\u00f0 finna lausnir \u00ed h\u00f6nnun og \u00fatf\u00e6rslu.\u00a0<\/span><\/p>\n<p>[\/et_pb_text][et_pb_button button_url=&#8220;https:\/\/beitir.is\/um-okkur\/&#8220; button_text=&#8220;F\u00e1 a\u00f0 vita meira&#8220; button_alignment=&#8220;center&#8220; _builder_version=&#8220;4.21.0&#8243; custom_button=&#8220;on&#8220; button_text_size=&#8220;18px&#8220; button_text_color=&#8220;#E02B20&#8243; button_bg_color=&#8220;rgba(0,0,0,0)&#8220; button_border_color=&#8220;#0000002a2a2a&#8220; button_border_radius=&#8220;30px&#8220; button_letter_spacing=&#8220;2px&#8220; button_font=&#8220;|700||on|||||&#8220; button_use_icon=&#8220;off&#8220; animation_style=&#8220;fade&#8220; button_text_color_hover=&#8220;#ffffff&#8220; button_border_color_hover=&#8220;#ffb500&#8243; button_border_radius_hover=&#8220;30px&#8220; button_letter_spacing_hover=&#8220;2px&#8220; button_bg_color_hover=&#8220;#ffb500&#8243; global_colors_info=&#8220;{}&#8220; button_text_size__hover_enabled=&#8220;off&#8220; button_one_text_size__hover_enabled=&#8220;off&#8220; button_two_text_size__hover_enabled=&#8220;off&#8220; button_text_color__hover_enabled=&#8220;on&#8220; button_text_color__hover=&#8220;#ffffff&#8220; button_one_text_color__hover_enabled=&#8220;off&#8220; button_two_text_color__hover_enabled=&#8220;off&#8220; button_border_width__hover_enabled=&#8220;off&#8220; button_one_border_width__hover_enabled=&#8220;off&#8220; button_two_border_width__hover_enabled=&#8220;off&#8220; button_border_color__hover_enabled=&#8220;on&#8220; button_border_color__hover=&#8220;#E02B20&#8243; button_one_border_color__hover_enabled=&#8220;off&#8220; button_two_border_color__hover_enabled=&#8220;off&#8220; button_border_radius__hover_enabled=&#8220;on&#8220; button_border_radius__hover=&#8220;30px&#8220; button_one_border_radius__hover_enabled=&#8220;off&#8220; button_two_border_radius__hover_enabled=&#8220;off&#8220; button_letter_spacing__hover_enabled=&#8220;on&#8220; button_letter_spacing__hover=&#8220;2px&#8220; button_one_letter_spacing__hover_enabled=&#8220;off&#8220; button_two_letter_spacing__hover_enabled=&#8220;off&#8220; button_bg_color__hover_enabled=&#8220;on|hover&#8220; button_bg_color__hover=&#8220;#E02B20&#8243; button_one_bg_color__hover_enabled=&#8220;off&#8220; button_two_bg_color__hover_enabled=&#8220;off&#8220; button_bg_enable_color__hover=&#8220;on&#8220;][\/et_pb_button][\/et_pb_column][\/et_pb_row][\/et_pb_section][et_pb_section fb_built=&#8220;1&#8243; admin_label=&#8220;Promo&#8220; _builder_version=&#8220;4.21.0&#8243; background_color=&#8220;rgba(12,12,12,0.6)&#8220; background_image=&#8220;http:\/\/beitir.is\/wp-content\/uploads\/2023\/05\/Beitir-forsida.png&#8220; background_blend=&#8220;color&#8220; custom_margin=&#8220;||||true|false&#8220; custom_margin_tablet=&#8220;&#8220; custom_margin_phone=&#8220;0px|0px|0px|0px&#8220; custom_margin_last_edited=&#8220;on|phone&#8220; custom_padding=&#8220;270px||270px||true|false&#8220; animation_style=&#8220;slide&#8220; animation_direction=&#8220;left&#8220; animation_intensity_slide=&#8220;2%&#8220; collapsed=&#8220;off&#8220; global_colors_info=&#8220;{}&#8220;][et_pb_row _builder_version=&#8220;4.21.0&#8243; _module_preset=&#8220;default&#8220; global_colors_info=&#8220;{}&#8220;][et_pb_column type=&#8220;4_4&#8243; _builder_version=&#8220;4.21.0&#8243; _module_preset=&#8220;default&#8220; global_colors_info=&#8220;{}&#8220;][et_pb_image src=&#8220;http:\/\/beitir.is\/wp-content\/uploads\/2023\/05\/Beitir-logo.png&#8220; title_text=&#8220;Beitir-logo&#8220; _builder_version=&#8220;4.21.0&#8243; _module_preset=&#8220;default&#8220; global_colors_info=&#8220;{}&#8220;][\/et_pb_image][\/et_pb_column][\/et_pb_row][\/et_pb_section][et_pb_section fb_built=&#8220;1&#8243; admin_label=&#8220;Footer&#8220; _builder_version=&#8220;4.16&#8243; background_color=&#8220;#d3dae4&#8243; custom_margin=&#8220;60px|60px|60px|60px&#8220; custom_margin_tablet=&#8220;&#8220; custom_margin_phone=&#8220;0px|0px|0px|0px&#8220; custom_margin_last_edited=&#8220;on|phone&#8220; custom_padding=&#8220;110px|0px|0px|0px&#8220; collapsed=&#8220;off&#8220; global_colors_info=&#8220;{}&#8220;][et_pb_row column_structure=&#8220;1_4,1_4,1_2&#8243; _builder_version=&#8220;4.21.0&#8243; max_width=&#8220;1280px&#8220; global_colors_info=&#8220;{}&#8220;][et_pb_column type=&#8220;1_4&#8243; _builder_version=&#8220;4.16&#8243; custom_padding=&#8220;40px|||&#8220; global_colors_info=&#8220;{}&#8220; custom_padding__hover=&#8220;|||&#8220;][et_pb_text admin_label=&#8220;Title&#8220; _builder_version=&#8220;4.21.0&#8243; text_font=&#8220;||||||||&#8220; header_font=&#8220;||||||||&#8220; header_2_font=&#8220;||||||||&#8220; header_4_font=&#8220;Roboto|700||on|||||&#8220; header_4_letter_spacing=&#8220;1px&#8220; header_4_line_height=&#8220;1.4em&#8220; custom_margin=&#8220;||10px|&#8220; custom_padding=&#8220;|||&#8220; animation_style=&#8220;fade&#8220; global_colors_info=&#8220;{}&#8220;]<\/p>\n<h4>Visit Us<\/h4>\n<p>[\/et_pb_text][et_pb_divider color=&#8220;#E02B20&#8243; divider_weight=&#8220;2px&#8220; disabled_on=&#8220;off|off|off&#8220; _builder_version=&#8220;4.22.1&#8243; max_width=&#8220;110px&#8220; animation_style=&#8220;fade&#8220; locked=&#8220;off&#8220; global_colors_info=&#8220;{}&#8220;][\/et_pb_divider][et_pb_text _builder_version=&#8220;4.21.0&#8243; text_font=&#8220;||||||||&#8220; text_font_size=&#8220;16px&#8220; text_line_height=&#8220;1.8em&#8220; custom_margin=&#8220;-30px|||&#8220; animation_style=&#8220;fade&#8220; global_colors_info=&#8220;{}&#8220;]<\/p>\n<p>J\u00f3nsv\u00f6r 3<\/p>\n<p>190 Vogar<\/p>\n<p>[\/et_pb_text][\/et_pb_column][et_pb_column type=&#8220;1_4&#8243; _builder_version=&#8220;4.16&#8243; custom_padding=&#8220;40px|||&#8220; global_colors_info=&#8220;{}&#8220; custom_padding__hover=&#8220;|||&#8220;][et_pb_text admin_label=&#8220;Title&#8220; _builder_version=&#8220;4.21.0&#8243; text_font=&#8220;||||||||&#8220; header_font=&#8220;||||||||&#8220; header_2_font=&#8220;||||||||&#8220; header_4_font=&#8220;Roboto|700||on|||||&#8220; header_4_letter_spacing=&#8220;1px&#8220; header_4_line_height=&#8220;1.4em&#8220; custom_margin=&#8220;||10px|&#8220; custom_padding=&#8220;|||&#8220; animation_style=&#8220;fade&#8220; global_colors_info=&#8220;{}&#8220;]<\/p>\n<h4>Opening hours<\/h4>\n<p>[\/et_pb_text][et_pb_divider color=&#8220;#E02B20&#8243; divider_weight=&#8220;2px&#8220; disabled_on=&#8220;off|off|off&#8220; _builder_version=&#8220;4.22.1&#8243; max_width=&#8220;110px&#8220; animation_style=&#8220;fade&#8220; locked=&#8220;off&#8220; global_colors_info=&#8220;{}&#8220;][\/et_pb_divider][et_pb_text _builder_version=&#8220;4.21.0&#8243; text_font=&#8220;||||||||&#8220; text_font_size=&#8220;16px&#8220; text_line_height=&#8220;1.8em&#8220; custom_margin=&#8220;-30px|||&#8220; animation_style=&#8220;fade&#8220; locked=&#8220;off&#8220; global_colors_info=&#8220;{}&#8220;]<\/p>\n<p>Mon - Fri: 8-17<\/p>\n<p>Closed on Weekends<\/p>\n<p>[\/et_pb_text][\/et_pb_column][et_pb_column type=&#8220;1_2&#8243; _builder_version=&#8220;4.16&#8243; custom_padding=&#8220;|||&#8220; global_colors_info=&#8220;{}&#8220; custom_padding__hover=&#8220;|||&#8220;][et_pb_image src=&#8220;http:\/\/beitir.is\/wp-content\/uploads\/2023\/07\/BS200.png&#8220; title_text=&#8220;BS200&#8243; show_bottom_space=&#8220;off&#8220; align=&#8220;center&#8220; align_tablet=&#8220;center&#8220; align_phone=&#8220;center&#8220; align_last_edited=&#8220;on|desktop&#8220; _builder_version=&#8220;4.21.0&#8243; custom_margin=&#8220;|||&#8220; animation_style=&#8220;slide&#8220; animation_direction=&#8220;left&#8220; animation_intensity_slide=&#8220;4%&#8220; animation=&#8220;off&#8220; global_colors_info=&#8220;{}&#8220;][\/et_pb_image][\/et_pb_column][\/et_pb_row][\/et_pb_section]<\/p>","protected":false},"excerpt":{"rendered":"<p>01 G\u00e6\u00f0i\u00d6ll okkar h\u00f6nnun og sm\u00ed\u00f0i er mi\u00f0u\u00f0 \u00fatfr\u00e1 \u00fev\u00ed a\u00f0 f\u00e1 h\u00e6stu g\u00e6\u00f0i og endingu \u00e1 \u00f6llum okkar b\u00fana\u00f0i02 \u00dej\u00f3nustaVi\u00f0 leggjum miki\u00f0 upp \u00far g\u00f3\u00f0ri \u00fej\u00f3nustu b\u00e6\u00f0i me\u00f0 \u00fev\u00ed a\u00f0 eiga alla slithluti til \u00e1 lager \u00e1 hverjum gefnum t\u00edma og hafa alla \u00fej\u00f3nustu pers\u00f3nulega me\u00f0 \u00fev\u00ed a\u00f0 vinna \u00ed samr\u00e1\u00f0i vi\u00f0 vi\u00f0skiptavini03 \u00c1byrg\u00f0Vi\u00f0 leggjum mikla \u00e1herslu \u00e1 a\u00f0 allar v\u00f6rur sem fara fr\u00e1 okkur standist b\u00e6\u00f0i kr\u00f6fur okkar og vi\u00f0skiptavinarinsBeitir ehfBeitir er fj\u00f6lskyldufyrirt\u00e6ki og hefur starfa\u00f0 fr\u00e1 \u00e1rinu 1988. Vi\u00f0 s\u00e9rh\u00e6fum okkur \u00ed sm\u00ed\u00f0i \u00far ry\u00f0fr\u00edu st\u00e1li og b\u00faum yfir mikilli \u00feekkingu \u00e1 \u00fev\u00ed svi\u00f0i. Okkar helstu verkefni hafa veri\u00f0 tengd sj\u00e1var\u00fatveginum og \u00fe\u00e1 helst l\u00ednu- og dekkb\u00fana\u00f0ur \u00ed b\u00e1ta og \u00fdmiss b\u00fana\u00f0ur fyrir fiskvinnslur, s.s. f\u00e6rib\u00f6nd og a\u00f0ger\u00f0ar- og innm\u00f6tunark\u00f6r.\u00a0Miki\u00f0 af okkar verkefnum eru s\u00e9rsm\u00ed\u00f0i og a\u00f0sto\u00f0um vi\u00f0 vi\u00f0skiptavini vi\u00f0 finna lausnir \u00ed h\u00f6nnun og \u00fatf\u00e6rslu.\u00a0Heims\u00e6ktu okkurJ\u00f3nsv\u00f6r 3 190 VogarOpnunart\u00edmarM\u00e1n &#8211; F\u00f6s: 8-17 Loka\u00f0 um helgar<\/p>","protected":false},"author":2,"featured_media":0,"parent":0,"menu_order":0,"comment_status":"closed","ping_status":"closed","template":"","meta":{"_et_pb_use_builder":"on","_et_pb_old_content":"","_et_gb_content_width":"","footnotes":""},"class_list":["post-11","page","type-page","status-publish","hentry"],"_links":{"self":[{"href":"https:\/\/beitir.is\/en\/wp-json\/wp\/v2\/pages\/11","targetHints":{"allow":["GET"]}}],"collection":[{"href":"https:\/\/beitir.is\/en\/wp-json\/wp\/v2\/pages"}],"about":[{"href":"https:\/\/beitir.is\/en\/wp-json\/wp\/v2\/types\/page"}],"author":[{"embeddable":true,"href":"https:\/\/beitir.is\/en\/wp-json\/wp\/v2\/users\/2"}],"replies":[{"embeddable":true,"href":"https:\/\/beitir.is\/en\/wp-json\/wp\/v2\/comments?post=11"}],"version-history":[{"count":18,"href":"https:\/\/beitir.is\/en\/wp-json\/wp\/v2\/pages\/11\/revisions"}],"predecessor-version":[{"id":283,"href":"https:\/\/beitir.is\/en\/wp-json\/wp\/v2\/pages\/11\/revisions\/283"}],"wp:attachment":[{"href":"https:\/\/beitir.is\/en\/wp-json\/wp\/v2\/media?parent=11"}],"curies":[{"name":"wp","href":"https:\/\/api.w.org\/{rel}","templated":true}]}}