{"id":36,"date":"2023-05-13T00:19:36","date_gmt":"2023-05-13T00:19:36","guid":{"rendered":"https:\/\/beitir.is\/?page_id=36"},"modified":"2023-08-30T13:41:27","modified_gmt":"2023-08-30T13:41:27","slug":"sersmidi","status":"publish","type":"page","link":"https:\/\/beitir.is\/en\/vorur\/sersmidi\/","title":{"rendered":"Custom builds"},"content":{"rendered":"<p>[et_pb_section fb_built=&#8220;1&#8243; _builder_version=&#8220;4.21.0&#8243; _module_preset=&#8220;default&#8220; global_colors_info=&#8220;{}&#8220;][et_pb_row _builder_version=&#8220;4.21.0&#8243; _module_preset=&#8220;default&#8220; global_colors_info=&#8220;{}&#8220;][et_pb_column type=&#8220;4_4&#8243; _builder_version=&#8220;4.21.0&#8243; _module_preset=&#8220;default&#8220; global_colors_info=&#8220;{}&#8220;][et_pb_text _builder_version=&#8220;4.21.0&#8243; _module_preset=&#8220;default&#8220; header_font=&#8220;|800||on|||||&#8220; header_text_align=&#8220;center&#8220; header_font_size=&#8220;60px&#8220; global_colors_info=&#8220;{}&#8220;]<\/p>\n<h1>Custom builds<\/h1>\n<p>[\/et_pb_text][\/et_pb_column][\/et_pb_row][et_pb_row column_structure=&#8220;1_2,1_2&#8243; _builder_version=&#8220;4.21.0&#8243; _module_preset=&#8220;default&#8220; width=&#8220;100%&#8220; max_width=&#8220;1280px&#8220; global_colors_info=&#8220;{}&#8220;][et_pb_column type=&#8220;1_2&#8243; _builder_version=&#8220;4.21.0&#8243; _module_preset=&#8220;default&#8220; global_colors_info=&#8220;{}&#8220;][et_pb_image src=&#8220;http:\/\/beitir.is\/wp-content\/uploads\/2023\/08\/F\u251caraspil-3.jpg&#8220; title_text=&#8220;F\u251c\u00aaraspil-3&#8243; url=&#8220;https:\/\/beitir.is\/vorur\/sersmidi\/gildruspil\/&#8220; _builder_version=&#8220;4.22.1&#8243; _module_preset=&#8220;default&#8220; border_radii=&#8220;on|10px|10px|10px|10px&#8220; box_shadow_style=&#8220;preset2&#8243; global_colors_info=&#8220;{}&#8220;][\/et_pb_image][et_pb_text _builder_version=&#8220;4.21.0&#8243; _module_preset=&#8220;default&#8220; header_3_font=&#8220;|700||on|||||&#8220; header_3_text_align=&#8220;center&#8220; header_3_font_size=&#8220;23px&#8220; header_3_letter_spacing=&#8220;1px&#8220; link_option_url=&#8220;https:\/\/beitir.is\/vorur\/sersmidi\/gildruspil\/&#8220; global_colors_info=&#8220;{}&#8220;]<\/p>\n<h3>Trapline hauler<\/h3>\n<p>[\/et_pb_text][et_pb_button button_url=&#8220;https:\/\/beitir.is\/vorur\/sersmidi\/gildruspil\/&#8220; button_text=&#8220;SJ\u00c1 N\u00c1NAR&#8220; button_alignment=&#8220;center&#8220; _builder_version=&#8220;4.21.0&#8243; _module_preset=&#8220;default&#8220; custom_button=&#8220;on&#8220; button_text_size=&#8220;18px&#8220; button_text_color=&#8220;#E02B20&#8243; button_border_width=&#8220;2px&#8220; button_border_radius=&#8220;10px&#8220; button_font=&#8220;|600||on|||||&#8220; button_use_icon=&#8220;off&#8220; custom_margin=&#8220;||||true|false&#8220; custom_padding=&#8220;6px|20px|6px|20px|true|true&#8220; global_colors_info=&#8220;{}&#8220;][\/et_pb_button][\/et_pb_column][et_pb_column type=&#8220;1_2&#8243; _builder_version=&#8220;4.21.0&#8243; _module_preset=&#8220;default&#8220; global_colors_info=&#8220;{}&#8220;][et_pb_image src=&#8220;http:\/\/beitir.is\/wp-content\/uploads\/2023\/08\/20160525_170446-scaled-e1693401833819.jpg&#8220; title_text=&#8220;20160525_170446&#8243; url=&#8220;https:\/\/beitir.is\/vorur\/sersmidi\/vorubilspallur\/&#8220; _builder_version=&#8220;4.22.1&#8243; _module_preset=&#8220;default&#8220; hover_enabled=&#8220;0&#8243; border_radii=&#8220;on|10px|10px|10px|10px&#8220; box_shadow_style=&#8220;preset2&#8243; global_colors_info=&#8220;{}&#8220; sticky_enabled=&#8220;0&#8243;][\/et_pb_image][et_pb_text _builder_version=&#8220;4.21.0&#8243; _module_preset=&#8220;default&#8220; header_3_font=&#8220;|700||on|||||&#8220; header_3_text_align=&#8220;center&#8220; header_3_font_size=&#8220;23px&#8220; header_3_letter_spacing=&#8220;1px&#8220; link_option_url=&#8220;https:\/\/beitir.is\/vorur\/sersmidi\/vorubilspallur\/&#8220; global_colors_info=&#8220;{}&#8220;]<\/p>\n<h3>Truck Platform<\/h3>\n<p>[\/et_pb_text][et_pb_button button_url=&#8220;https:\/\/beitir.is\/vorur\/sersmidi\/vorubilspallur\/&#8220; button_text=&#8220;SJ\u00c1 N\u00c1NAR&#8220; button_alignment=&#8220;center&#8220; _builder_version=&#8220;4.21.0&#8243; _module_preset=&#8220;default&#8220; custom_button=&#8220;on&#8220; button_text_size=&#8220;18px&#8220; button_text_color=&#8220;#E02B20&#8243; button_border_width=&#8220;2px&#8220; button_border_radius=&#8220;10px&#8220; button_font=&#8220;|600||on|||||&#8220; button_use_icon=&#8220;off&#8220; custom_margin=&#8220;||||true|false&#8220; custom_padding=&#8220;6px|20px|6px|20px|true|true&#8220; global_colors_info=&#8220;{}&#8220;][\/et_pb_button][\/et_pb_column][\/et_pb_row][et_pb_row column_structure=&#8220;1_2,1_2&#8243; _builder_version=&#8220;4.21.0&#8243; _module_preset=&#8220;default&#8220; width=&#8220;100%&#8220; max_width=&#8220;1280px&#8220; global_colors_info=&#8220;{}&#8220;][et_pb_column type=&#8220;1_2&#8243; _builder_version=&#8220;4.21.0&#8243; _module_preset=&#8220;default&#8220; global_colors_info=&#8220;{}&#8220;][et_pb_image src=&#8220;http:\/\/beitir.is\/wp-content\/uploads\/2023\/08\/20190529_130305-scaled-e1693401936320.jpg&#8220; title_text=&#8220;20190529_130305&#8243; url=&#8220;https:\/\/beitir.is\/vorur\/sersmidi\/bord-til-matarundirbunings-a-kaffihus\/&#8220; _builder_version=&#8220;4.22.1&#8243; _module_preset=&#8220;default&#8220; border_radii=&#8220;on|10px|10px|10px|10px&#8220; box_shadow_style=&#8220;preset2&#8243; global_colors_info=&#8220;{}&#8220;][\/et_pb_image][et_pb_text _builder_version=&#8220;4.21.0&#8243; _module_preset=&#8220;default&#8220; header_3_font=&#8220;|700||on|||||&#8220; header_3_text_align=&#8220;center&#8220; header_3_font_size=&#8220;23px&#8220; header_3_letter_spacing=&#8220;1px&#8220; link_option_url=&#8220;https:\/\/beitir.is\/vorur\/sersmidi\/bord-til-matarundirbunings-a-kaffihus\/&#8220; global_colors_info=&#8220;{}&#8220;]<\/p>\n<h3>Bor\u00f0 \u00e1 kaffih\u00fas<\/h3>\n<p>[\/et_pb_text][et_pb_button button_url=&#8220;https:\/\/beitir.is\/vorur\/sersmidi\/bord-til-matarundirbunings-a-kaffihus\/&#8220; button_text=&#8220;SJ\u00c1 N\u00c1NAR&#8220; button_alignment=&#8220;center&#8220; _builder_version=&#8220;4.21.0&#8243; _module_preset=&#8220;default&#8220; custom_button=&#8220;on&#8220; button_text_size=&#8220;18px&#8220; button_text_color=&#8220;#E02B20&#8243; button_border_width=&#8220;2px&#8220; button_border_radius=&#8220;10px&#8220; button_font=&#8220;|600||on|||||&#8220; button_use_icon=&#8220;off&#8220; custom_margin=&#8220;||||true|false&#8220; custom_padding=&#8220;6px|20px|6px|20px|true|true&#8220; global_colors_info=&#8220;{}&#8220;][\/et_pb_button][\/et_pb_column][et_pb_column type=&#8220;1_2&#8243; _builder_version=&#8220;4.21.0&#8243; _module_preset=&#8220;default&#8220; global_colors_info=&#8220;{}&#8220;][et_pb_image src=&#8220;http:\/\/beitir.is\/wp-content\/uploads\/2023\/08\/20161214_100123-1-e1693402081136.jpg&#8220; title_text=&#8220;20161214_100123-1&#8243; url=&#8220;https:\/\/beitir.is\/vorur\/sersmidi\/glussatankur\/&#8220; _builder_version=&#8220;4.22.1&#8243; _module_preset=&#8220;default&#8220; border_radii=&#8220;on|10px|10px|10px|10px&#8220; box_shadow_style=&#8220;preset2&#8243; global_colors_info=&#8220;{}&#8220;][\/et_pb_image][et_pb_text _builder_version=&#8220;4.21.0&#8243; _module_preset=&#8220;default&#8220; header_3_font=&#8220;|700||on|||||&#8220; header_3_text_align=&#8220;center&#8220; header_3_font_size=&#8220;23px&#8220; header_3_letter_spacing=&#8220;1px&#8220; link_option_url=&#8220;https:\/\/beitir.is\/vorur\/sersmidi\/glussatankur\/&#8220; global_colors_info=&#8220;{}&#8220;]<\/p>\n<h3>Hydraulic Tank<\/h3>\n<p>[\/et_pb_text][et_pb_button button_url=&#8220;https:\/\/beitir.is\/vorur\/sersmidi\/glussatankur\/&#8220; button_text=&#8220;SJ\u00c1 N\u00c1NAR&#8220; button_alignment=&#8220;center&#8220; _builder_version=&#8220;4.21.0&#8243; _module_preset=&#8220;default&#8220; custom_button=&#8220;on&#8220; button_text_size=&#8220;18px&#8220; button_text_color=&#8220;#E02B20&#8243; button_border_width=&#8220;2px&#8220; button_border_radius=&#8220;10px&#8220; button_font=&#8220;|600||on|||||&#8220; button_use_icon=&#8220;off&#8220; custom_margin=&#8220;||||true|false&#8220; custom_padding=&#8220;6px|20px|6px|20px|true|true&#8220; global_colors_info=&#8220;{}&#8220;][\/et_pb_button][\/et_pb_column][\/et_pb_row][\/et_pb_section][et_pb_section fb_built=&#8220;1&#8243; admin_label=&#8220;Promo&#8220; _builder_version=&#8220;4.21.0&#8243; background_color=&#8220;rgba(12,12,12,0.6)&#8220; background_image=&#8220;http:\/\/beitir.is\/wp-content\/uploads\/2023\/05\/Beitir-forsida.png&#8220; background_blend=&#8220;color&#8220; custom_margin=&#8220;||||true|false&#8220; custom_margin_tablet=&#8220;&#8220; custom_margin_phone=&#8220;0px|0px|0px|0px&#8220; custom_margin_last_edited=&#8220;on|phone&#8220; custom_padding=&#8220;270px||270px||true|false&#8220; animation_style=&#8220;slide&#8220; animation_direction=&#8220;left&#8220; animation_intensity_slide=&#8220;2%&#8220; collapsed=&#8220;off&#8220; global_colors_info=&#8220;{}&#8220;][et_pb_row _builder_version=&#8220;4.21.0&#8243; _module_preset=&#8220;default&#8220; global_colors_info=&#8220;{}&#8220;][et_pb_column type=&#8220;4_4&#8243; _builder_version=&#8220;4.21.0&#8243; _module_preset=&#8220;default&#8220; global_colors_info=&#8220;{}&#8220;][et_pb_image src=&#8220;http:\/\/beitir.is\/wp-content\/uploads\/2023\/05\/Beitir-logo.png&#8220; title_text=&#8220;Beitir-logo&#8220; _builder_version=&#8220;4.21.0&#8243; _module_preset=&#8220;default&#8220; global_colors_info=&#8220;{}&#8220;][\/et_pb_image][\/et_pb_column][\/et_pb_row][\/et_pb_section][et_pb_section fb_built=&#8220;1&#8243; admin_label=&#8220;Footer&#8220; _builder_version=&#8220;4.16&#8243; background_color=&#8220;#d3dae4&#8243; custom_margin=&#8220;60px|60px|60px|60px&#8220; custom_margin_tablet=&#8220;&#8220; custom_margin_phone=&#8220;0px|0px|0px|0px&#8220; custom_margin_last_edited=&#8220;on|phone&#8220; custom_padding=&#8220;110px|0px|0px|0px&#8220; collapsed=&#8220;off&#8220; global_colors_info=&#8220;{}&#8220;][et_pb_row column_structure=&#8220;1_4,1_4,1_2&#8243; _builder_version=&#8220;4.21.0&#8243; max_width=&#8220;1280px&#8220; global_colors_info=&#8220;{}&#8220;][et_pb_column type=&#8220;1_4&#8243; _builder_version=&#8220;4.16&#8243; custom_padding=&#8220;40px|||&#8220; global_colors_info=&#8220;{}&#8220; custom_padding__hover=&#8220;|||&#8220;][et_pb_text admin_label=&#8220;Title&#8220; _builder_version=&#8220;4.21.0&#8243; text_font=&#8220;||||||||&#8220; header_font=&#8220;||||||||&#8220; header_2_font=&#8220;||||||||&#8220; header_4_font=&#8220;Roboto|700||on|||||&#8220; header_4_letter_spacing=&#8220;1px&#8220; header_4_line_height=&#8220;1.4em&#8220; custom_margin=&#8220;||10px|&#8220; custom_padding=&#8220;|||&#8220; animation_style=&#8220;fade&#8220; global_colors_info=&#8220;{}&#8220;]<\/p>\n<h4>Visit Us<\/h4>\n<p>[\/et_pb_text][et_pb_divider color=&#8220;#E02B20&#8243; divider_weight=&#8220;2px&#8220; disabled_on=&#8220;off|off|off&#8220; _builder_version=&#8220;4.22.1&#8243; max_width=&#8220;110px&#8220; animation_style=&#8220;fade&#8220; locked=&#8220;off&#8220; global_colors_info=&#8220;{}&#8220;][\/et_pb_divider][et_pb_text _builder_version=&#8220;4.21.0&#8243; text_font=&#8220;||||||||&#8220; text_font_size=&#8220;16px&#8220; text_line_height=&#8220;1.8em&#8220; custom_margin=&#8220;-30px|||&#8220; animation_style=&#8220;fade&#8220; global_colors_info=&#8220;{}&#8220;]<\/p>\n<p>J\u00f3nsv\u00f6r 3<\/p>\n<p>190 Vogar<\/p>\n<p>[\/et_pb_text][\/et_pb_column][et_pb_column type=&#8220;1_4&#8243; _builder_version=&#8220;4.16&#8243; custom_padding=&#8220;40px|||&#8220; global_colors_info=&#8220;{}&#8220; custom_padding__hover=&#8220;|||&#8220;][et_pb_text admin_label=&#8220;Title&#8220; _builder_version=&#8220;4.21.0&#8243; text_font=&#8220;||||||||&#8220; header_font=&#8220;||||||||&#8220; header_2_font=&#8220;||||||||&#8220; header_4_font=&#8220;Roboto|700||on|||||&#8220; header_4_letter_spacing=&#8220;1px&#8220; header_4_line_height=&#8220;1.4em&#8220; custom_margin=&#8220;||10px|&#8220; custom_padding=&#8220;|||&#8220; animation_style=&#8220;fade&#8220; global_colors_info=&#8220;{}&#8220;]<\/p>\n<h4>Opening hours<\/h4>\n<p>[\/et_pb_text][et_pb_divider color=&#8220;#E02B20&#8243; divider_weight=&#8220;2px&#8220; disabled_on=&#8220;off|off|off&#8220; _builder_version=&#8220;4.22.1&#8243; max_width=&#8220;110px&#8220; animation_style=&#8220;fade&#8220; locked=&#8220;off&#8220; global_colors_info=&#8220;{}&#8220;][\/et_pb_divider][et_pb_text _builder_version=&#8220;4.21.0&#8243; text_font=&#8220;||||||||&#8220; text_font_size=&#8220;16px&#8220; text_line_height=&#8220;1.8em&#8220; custom_margin=&#8220;-30px|||&#8220; animation_style=&#8220;fade&#8220; locked=&#8220;off&#8220; global_colors_info=&#8220;{}&#8220;]<\/p>\n<p>Mon - Fri: 8-17<\/p>\n<p>Closed on Weekends<\/p>\n<p>[\/et_pb_text][\/et_pb_column][et_pb_column type=&#8220;1_2&#8243; _builder_version=&#8220;4.16&#8243; custom_padding=&#8220;|||&#8220; global_colors_info=&#8220;{}&#8220; custom_padding__hover=&#8220;|||&#8220;][et_pb_image src=&#8220;http:\/\/beitir.is\/wp-content\/uploads\/2023\/07\/BS200.png&#8220; title_text=&#8220;BS200&#8243; show_bottom_space=&#8220;off&#8220; align=&#8220;center&#8220; align_tablet=&#8220;center&#8220; align_phone=&#8220;center&#8220; align_last_edited=&#8220;on|desktop&#8220; _builder_version=&#8220;4.21.0&#8243; custom_margin=&#8220;|||&#8220; animation_style=&#8220;slide&#8220; animation_direction=&#8220;left&#8220; animation_intensity_slide=&#8220;4%&#8220; animation=&#8220;off&#8220; global_colors_info=&#8220;{}&#8220;][\/et_pb_image][\/et_pb_column][\/et_pb_row][\/et_pb_section]<\/p>","protected":false},"excerpt":{"rendered":"<p>S\u00e9rsm\u00ed\u00f0iGildruspilV\u00f6rub\u00edlspallurBor\u00f0 \u00e1 kaffih\u00fasGlussatankurHeims\u00e6ktu okkurJ\u00f3nsv\u00f6r 3 190 VogarOpnunart\u00edmarM\u00e1n &#8211; F\u00f6s: 8-17 Loka\u00f0 um helgar<\/p>","protected":false},"author":2,"featured_media":0,"parent":14,"menu_order":0,"comment_status":"closed","ping_status":"closed","template":"","meta":{"_et_pb_use_builder":"on","_et_pb_old_content":"","_et_gb_content_width":"","footnotes":""},"class_list":["post-36","page","type-page","status-publish","hentry"],"_links":{"self":[{"href":"https:\/\/beitir.is\/en\/wp-json\/wp\/v2\/pages\/36","targetHints":{"allow":["GET"]}}],"collection":[{"href":"https:\/\/beitir.is\/en\/wp-json\/wp\/v2\/pages"}],"about":[{"href":"https:\/\/beitir.is\/en\/wp-json\/wp\/v2\/types\/page"}],"author":[{"embeddable":true,"href":"https:\/\/beitir.is\/en\/wp-json\/wp\/v2\/users\/2"}],"replies":[{"embeddable":true,"href":"https:\/\/beitir.is\/en\/wp-json\/wp\/v2\/comments?post=36"}],"version-history":[{"count":5,"href":"https:\/\/beitir.is\/en\/wp-json\/wp\/v2\/pages\/36\/revisions"}],"predecessor-version":[{"id":407,"href":"https:\/\/beitir.is\/en\/wp-json\/wp\/v2\/pages\/36\/revisions\/407"}],"up":[{"embeddable":true,"href":"https:\/\/beitir.is\/en\/wp-json\/wp\/v2\/pages\/14"}],"wp:attachment":[{"href":"https:\/\/beitir.is\/en\/wp-json\/wp\/v2\/media?parent=36"}],"curies":[{"name":"wp","href":"https:\/\/api.w.org\/{rel}","templated":true}]}}