{"id":50,"date":"2023-05-13T00:26:29","date_gmt":"2023-05-13T00:26:29","guid":{"rendered":"https:\/\/beitir.is\/?page_id=50"},"modified":"2023-08-29T11:45:11","modified_gmt":"2023-08-29T11:45:11","slug":"blaedikar","status":"publish","type":"page","link":"https:\/\/beitir.is\/en\/vorur\/dekkbunadur\/blaedikar\/","title":{"rendered":"Bleeding tub"},"content":{"rendered":"<p>[et_pb_section fb_built=&#8220;1&#8243; _builder_version=&#8220;4.21.0&#8243; _module_preset=&#8220;default&#8220; global_colors_info=&#8220;{}&#8220;][et_pb_row column_structure=&#8220;3_5,2_5&#8243; _builder_version=&#8220;4.21.0&#8243; _module_preset=&#8220;default&#8220; width=&#8220;100%&#8220; max_width=&#8220;1280px&#8220; global_colors_info=&#8220;{}&#8220;][et_pb_column type=&#8220;3_5&#8243; _builder_version=&#8220;4.21.0&#8243; _module_preset=&#8220;default&#8220; global_colors_info=&#8220;{}&#8220;][et_pb_image src=&#8220;http:\/\/beitir.is\/wp-content\/uploads\/2023\/08\/2-1.jpg&#8220; _builder_version=&#8220;4.22.1&#8243; _module_preset=&#8220;default&#8220; hover_enabled=&#8220;0&#8243; global_colors_info=&#8220;{}&#8220; title_text=&#8220;2-1&#8243; sticky_enabled=&#8220;0&#8243;][\/et_pb_image][\/et_pb_column][et_pb_column type=&#8220;2_5&#8243; _builder_version=&#8220;4.21.0&#8243; _module_preset=&#8220;default&#8220; global_colors_info=&#8220;{}&#8220;][et_pb_text _builder_version=&#8220;4.21.0&#8243; _module_preset=&#8220;default&#8220; header_2_font=&#8220;|700||on|||||&#8220; header_2_font_size=&#8220;35px&#8220; header_2_letter_spacing=&#8220;1px&#8220; header_3_font=&#8220;|700||on|||||&#8220; global_colors_info=&#8220;{}&#8220;]<\/p>\n<h2>Bleeding tub<\/h2>\n<p>[\/et_pb_text][et_pb_text _builder_version=&#8220;4.21.0&#8243; _module_preset=&#8220;default&#8220; text_font=&#8220;|600|||||||&#8220; custom_margin=&#8220;-32px|||||&#8220; global_colors_info=&#8220;{}&#8220;]<\/p>\n<p>The blood vessels have a closed bottom, then there is a false liftable bottom so that the working height is always correct. There are hatches at the bottom of the tub for emptying and cleaning, and the false bottom can also be raised in another way, making cleaning even easier. The lift is powered by a powerful hydraulic jack.<br \/>\u00datf\u00e6rslurnar \u00e1 bl\u00e6\u00f0ik\u00f6runum fara alveg eftir pl\u00e1ssi og \u00fe\u00f6rfum vi\u00f0skiptavinar, t.d hefur veri\u00f0 sm\u00ed\u00f0a\u00f0 kar sem liggur ofan \u00ed lestargati og er \u00fe\u00e1 h\u00edfanlegt upp \u00far \u00feegar t\u00e6ma \u00e1 lest (sj\u00e1 myndir fyrir ne\u00f0an).<\/p>\n<ul>\n<li>Made with stainless steel<\/li>\n<li>A sealed box which means it holds water<\/li>\n<li>Lifting capacity: 600 kg or 1000 kg<\/li>\n<li>Lift height: 110 cm<\/li>\n<li>Powerful hydraulic jack(s).<\/li>\n<li>A false bottom that lifts up<\/li>\n<li>Hatch at the bottom for emptying and cleaning, the false bottom can also be raised on a strip for better access during cleaning<\/li>\n<li>Custom built to suit your needs and space<\/li>\n<li>Water level adjustable with an overflow pipe<\/li>\n<li>Spring loaded control valve<\/li>\n<\/ul>\n<ul><\/ul>\n<p>[\/et_pb_text][\/et_pb_column][\/et_pb_row][et_pb_row column_structure=&#8220;1_3,1_3,1_3&#8243; _builder_version=&#8220;4.21.0&#8243; _module_preset=&#8220;default&#8220; width=&#8220;100%&#8220; max_width=&#8220;1280px&#8220; global_colors_info=&#8220;{}&#8220;][et_pb_column type=&#8220;1_3&#8243; _builder_version=&#8220;4.21.0&#8243; _module_preset=&#8220;default&#8220; global_colors_info=&#8220;{}&#8220;][et_pb_image src=&#8220;http:\/\/beitir.is\/wp-content\/uploads\/2023\/08\/20180117_120208-scaled.jpg&#8220; _builder_version=&#8220;4.22.1&#8243; _module_preset=&#8220;default&#8220; hover_enabled=&#8220;0&#8243; global_colors_info=&#8220;{}&#8220; title_text=&#8220;20180117_120208&#8243; sticky_enabled=&#8220;0&#8243;][\/et_pb_image][\/et_pb_column][et_pb_column type=&#8220;1_3&#8243; _builder_version=&#8220;4.21.0&#8243; _module_preset=&#8220;default&#8220; global_colors_info=&#8220;{}&#8220;][et_pb_image src=&#8220;http:\/\/beitir.is\/wp-content\/uploads\/2023\/08\/2014-10-11-02.27.20-1-scaled.jpg&#8220; _builder_version=&#8220;4.22.1&#8243; _module_preset=&#8220;default&#8220; hover_enabled=&#8220;0&#8243; global_colors_info=&#8220;{}&#8220; title_text=&#8220;2014-10-11-02.27.20-1&#8243; sticky_enabled=&#8220;0&#8243;][\/et_pb_image][\/et_pb_column][et_pb_column type=&#8220;1_3&#8243; _builder_version=&#8220;4.21.0&#8243; _module_preset=&#8220;default&#8220; global_colors_info=&#8220;{}&#8220;][et_pb_image src=&#8220;http:\/\/beitir.is\/wp-content\/uploads\/2023\/08\/2014-10-11-02.26.33-1-scaled.jpg&#8220; _builder_version=&#8220;4.22.1&#8243; _module_preset=&#8220;default&#8220; hover_enabled=&#8220;0&#8243; global_colors_info=&#8220;{}&#8220; title_text=&#8220;2014-10-11-02.26.33-1&#8243; sticky_enabled=&#8220;0&#8243;][\/et_pb_image][\/et_pb_column][\/et_pb_row][\/et_pb_section][et_pb_section fb_built=&#8220;1&#8243; admin_label=&#8220;Promo&#8220; _builder_version=&#8220;4.21.0&#8243; background_color=&#8220;rgba(12,12,12,0.6)&#8220; background_image=&#8220;http:\/\/beitir.is\/wp-content\/uploads\/2023\/05\/Beitir-forsida.png&#8220; background_blend=&#8220;color&#8220; custom_margin=&#8220;||||true|false&#8220; custom_margin_tablet=&#8220;&#8220; custom_margin_phone=&#8220;0px|0px|0px|0px&#8220; custom_margin_last_edited=&#8220;on|phone&#8220; custom_padding=&#8220;270px||270px||true|false&#8220; animation_style=&#8220;slide&#8220; animation_direction=&#8220;left&#8220; animation_intensity_slide=&#8220;2%&#8220; collapsed=&#8220;off&#8220; global_colors_info=&#8220;{}&#8220; theme_builder_area=&#8220;post_content&#8220;][et_pb_row _builder_version=&#8220;4.21.0&#8243; _module_preset=&#8220;default&#8220; global_colors_info=&#8220;{}&#8220; theme_builder_area=&#8220;post_content&#8220;][et_pb_column type=&#8220;4_4&#8243; _builder_version=&#8220;4.21.0&#8243; _module_preset=&#8220;default&#8220; global_colors_info=&#8220;{}&#8220; theme_builder_area=&#8220;post_content&#8220;][et_pb_image src=&#8220;http:\/\/beitir.is\/wp-content\/uploads\/2023\/05\/Beitir-logo.png&#8220; title_text=&#8220;Beitir-logo&#8220; _builder_version=&#8220;4.21.0&#8243; _module_preset=&#8220;default&#8220; global_colors_info=&#8220;{}&#8220; theme_builder_area=&#8220;post_content&#8220;][\/et_pb_image][\/et_pb_column][\/et_pb_row][\/et_pb_section][et_pb_section fb_built=&#8220;1&#8243; admin_label=&#8220;Footer&#8220; _builder_version=&#8220;4.16&#8243; background_color=&#8220;#d3dae4&#8243; custom_margin=&#8220;60px|60px|60px|60px&#8220; custom_margin_tablet=&#8220;&#8220; custom_margin_phone=&#8220;0px|0px|0px|0px&#8220; custom_margin_last_edited=&#8220;on|phone&#8220; custom_padding=&#8220;110px|0px|0px|0px&#8220; collapsed=&#8220;off&#8220; global_colors_info=&#8220;{}&#8220; theme_builder_area=&#8220;post_content&#8220;][et_pb_row column_structure=&#8220;1_4,1_4,1_2&#8243; _builder_version=&#8220;4.21.0&#8243; max_width=&#8220;1280px&#8220; global_colors_info=&#8220;{}&#8220; theme_builder_area=&#8220;post_content&#8220;][et_pb_column type=&#8220;1_4&#8243; _builder_version=&#8220;4.16&#8243; custom_padding=&#8220;40px|||&#8220; global_colors_info=&#8220;{}&#8220; custom_padding__hover=&#8220;|||&#8220; theme_builder_area=&#8220;post_content&#8220;][et_pb_text admin_label=&#8220;Title&#8220; _builder_version=&#8220;4.21.0&#8243; text_font=&#8220;||||||||&#8220; header_font=&#8220;||||||||&#8220; header_2_font=&#8220;||||||||&#8220; header_4_font=&#8220;Roboto|700||on|||||&#8220; header_4_letter_spacing=&#8220;1px&#8220; header_4_line_height=&#8220;1.4em&#8220; custom_margin=&#8220;||10px|&#8220; custom_padding=&#8220;|||&#8220; animation_style=&#8220;fade&#8220; global_colors_info=&#8220;{}&#8220; theme_builder_area=&#8220;post_content&#8220;]<\/p>\n<h4>Visit Us<\/h4>\n<p>[\/et_pb_text][et_pb_divider color=&#8220;#E02B20&#8243; divider_weight=&#8220;2px&#8220; disabled_on=&#8220;off|off|off&#8220; _builder_version=&#8220;4.22.1&#8243; max_width=&#8220;110px&#8220; animation_style=&#8220;fade&#8220; locked=&#8220;off&#8220; global_colors_info=&#8220;{}&#8220; theme_builder_area=&#8220;post_content&#8220;][\/et_pb_divider][et_pb_text _builder_version=&#8220;4.21.0&#8243; text_font=&#8220;||||||||&#8220; text_font_size=&#8220;16px&#8220; text_line_height=&#8220;1.8em&#8220; custom_margin=&#8220;-30px|||&#8220; animation_style=&#8220;fade&#8220; global_colors_info=&#8220;{}&#8220; theme_builder_area=&#8220;post_content&#8220;]<\/p>\n<p>J\u00f3nsv\u00f6r 3<\/p>\n<p>190 Vogar<\/p>\n<p>[\/et_pb_text][\/et_pb_column][et_pb_column type=&#8220;1_4&#8243; _builder_version=&#8220;4.16&#8243; custom_padding=&#8220;40px|||&#8220; global_colors_info=&#8220;{}&#8220; custom_padding__hover=&#8220;|||&#8220; theme_builder_area=&#8220;post_content&#8220;][et_pb_text admin_label=&#8220;Title&#8220; _builder_version=&#8220;4.21.0&#8243; text_font=&#8220;||||||||&#8220; header_font=&#8220;||||||||&#8220; header_2_font=&#8220;||||||||&#8220; header_4_font=&#8220;Roboto|700||on|||||&#8220; header_4_letter_spacing=&#8220;1px&#8220; header_4_line_height=&#8220;1.4em&#8220; custom_margin=&#8220;||10px|&#8220; custom_padding=&#8220;|||&#8220; animation_style=&#8220;fade&#8220; global_colors_info=&#8220;{}&#8220; theme_builder_area=&#8220;post_content&#8220;]<\/p>\n<h4>Opening hours<\/h4>\n<p>[\/et_pb_text][et_pb_divider color=&#8220;#E02B20&#8243; divider_weight=&#8220;2px&#8220; disabled_on=&#8220;off|off|off&#8220; _builder_version=&#8220;4.22.1&#8243; max_width=&#8220;110px&#8220; animation_style=&#8220;fade&#8220; locked=&#8220;off&#8220; global_colors_info=&#8220;{}&#8220; theme_builder_area=&#8220;post_content&#8220;][\/et_pb_divider][et_pb_text _builder_version=&#8220;4.21.0&#8243; text_font=&#8220;||||||||&#8220; text_font_size=&#8220;16px&#8220; text_line_height=&#8220;1.8em&#8220; custom_margin=&#8220;-30px|||&#8220; animation_style=&#8220;fade&#8220; locked=&#8220;off&#8220; global_colors_info=&#8220;{}&#8220; theme_builder_area=&#8220;post_content&#8220;]<\/p>\n<p>Mon - Fri: 8-17<\/p>\n<p>Closed on Weekends<\/p>\n<p>[\/et_pb_text][\/et_pb_column][et_pb_column type=&#8220;1_2&#8243; _builder_version=&#8220;4.16&#8243; custom_padding=&#8220;|||&#8220; global_colors_info=&#8220;{}&#8220; custom_padding__hover=&#8220;|||&#8220; theme_builder_area=&#8220;post_content&#8220;][et_pb_image src=&#8220;http:\/\/beitir.is\/wp-content\/uploads\/2023\/07\/BS200.png&#8220; title_text=&#8220;BS200&#8243; show_bottom_space=&#8220;off&#8220; align=&#8220;center&#8220; align_tablet=&#8220;center&#8220; align_phone=&#8220;center&#8220; align_last_edited=&#8220;on|desktop&#8220; _builder_version=&#8220;4.21.0&#8243; custom_margin=&#8220;|||&#8220; animation_style=&#8220;slide&#8220; animation_direction=&#8220;left&#8220; animation_intensity_slide=&#8220;4%&#8220; animation=&#8220;off&#8220; global_colors_info=&#8220;{}&#8220; theme_builder_area=&#8220;post_content&#8220;][\/et_pb_image][\/et_pb_column][\/et_pb_row][\/et_pb_section]<\/p>","protected":false},"excerpt":{"rendered":"<p>Bl\u00e6\u00f0ikarBl\u00e6\u00f0ik\u00f6rin eru me\u00f0 loku\u00f0um botn, s\u00ed\u00f0an er falskur lyftanlegur botn til a\u00f0 vinnuh\u00e6\u00f0 s\u00e9 alltaf r\u00e9tt. L\u00fagur eru ne\u00f0st \u00e1 karinu til t\u00e6mingar og \u00ferifa og er einnig h\u00e6gt a\u00f0 reisa falska botninn upp \u00e1 annan veginn og au\u00f0veldar \u00fea\u00f0 \u00ferif enn frekar. Lyftan gengur fyrir \u00f6flugum glusssatjakk.\u00datf\u00e6rslurnar \u00e1 bl\u00e6\u00f0ik\u00f6runum fara alveg eftir pl\u00e1ssi og \u00fe\u00f6rfum vi\u00f0skiptavinar, t.d hefur veri\u00f0 sm\u00ed\u00f0a\u00f0 kar sem liggur ofan \u00ed lestargati og er \u00fe\u00e1 h\u00edfanlegt upp \u00far \u00feegar t\u00e6ma \u00e1 lest (sj\u00e1 myndir fyrir ne\u00f0an). Ry\u00f0fr\u00ed sm\u00ed\u00f0i Loka\u00f0ur kassi sem \u00fe\u00fd\u00f0ir a\u00f0 hann haldi vatni Lyftigeta: 600 e\u00f0a 1000 kg lyftih\u00e6\u00f0: 1,1 m \u00d6flugur glussatjakkur\/ar Falskur botn sem lyftist upp l\u00faga ne\u00f0st til t\u00e6mingar og \u00fer\u00edfa, einnig h\u00e6gt a\u00f0 reisa falska botninn upp \u00e1 r\u00f6nd til a\u00f0 komast betur a\u00f0 \u00ed \u00ferifum S\u00e9rsm\u00ed\u00f0a\u00f0 til a\u00f0 henta eftir \u00fe\u00f6rfum og pl\u00e1ssi Vatnsh\u00e6\u00f0 still me\u00f0 yfirfallsr\u00f6ri Gormlesta\u00f0ur st\u00fdriloki Heims\u00e6ktu okkurJ\u00f3nsv\u00f6r 3 190 VogarOpnunart\u00edmarM\u00e1n &#8211; F\u00f6s: 8-17 Loka\u00f0 um helgar<\/p>","protected":false},"author":2,"featured_media":0,"parent":32,"menu_order":0,"comment_status":"closed","ping_status":"closed","template":"","meta":{"_et_pb_use_builder":"on","_et_pb_old_content":"","_et_gb_content_width":"","footnotes":""},"class_list":["post-50","page","type-page","status-publish","hentry"],"_links":{"self":[{"href":"https:\/\/beitir.is\/en\/wp-json\/wp\/v2\/pages\/50","targetHints":{"allow":["GET"]}}],"collection":[{"href":"https:\/\/beitir.is\/en\/wp-json\/wp\/v2\/pages"}],"about":[{"href":"https:\/\/beitir.is\/en\/wp-json\/wp\/v2\/types\/page"}],"author":[{"embeddable":true,"href":"https:\/\/beitir.is\/en\/wp-json\/wp\/v2\/users\/2"}],"replies":[{"embeddable":true,"href":"https:\/\/beitir.is\/en\/wp-json\/wp\/v2\/comments?post=50"}],"version-history":[{"count":3,"href":"https:\/\/beitir.is\/en\/wp-json\/wp\/v2\/pages\/50\/revisions"}],"predecessor-version":[{"id":347,"href":"https:\/\/beitir.is\/en\/wp-json\/wp\/v2\/pages\/50\/revisions\/347"}],"up":[{"embeddable":true,"href":"https:\/\/beitir.is\/en\/wp-json\/wp\/v2\/pages\/32"}],"wp:attachment":[{"href":"https:\/\/beitir.is\/en\/wp-json\/wp\/v2\/media?parent=50"}],"curies":[{"name":"wp","href":"https:\/\/api.w.org\/{rel}","templated":true}]}}