{"id":54,"date":"2023-05-13T00:27:12","date_gmt":"2023-05-13T00:27:12","guid":{"rendered":"https:\/\/beitir.is\/?page_id=54"},"modified":"2023-08-30T12:48:51","modified_gmt":"2023-08-30T12:48:51","slug":"rennur-fyrir-lestar","status":"publish","type":"page","link":"https:\/\/beitir.is\/en\/vorur\/dekkbunadur\/rennur-fyrir-lestar\/","title":{"rendered":"Slide system for ships\/boats"},"content":{"rendered":"<p>[et_pb_section fb_built=&#8220;1&#8243; _builder_version=&#8220;4.21.0&#8243; _module_preset=&#8220;default&#8220; global_colors_info=&#8220;{}&#8220;][et_pb_row column_structure=&#8220;3_5,2_5&#8243; _builder_version=&#8220;4.21.0&#8243; _module_preset=&#8220;default&#8220; width=&#8220;100%&#8220; max_width=&#8220;1280px&#8220; global_colors_info=&#8220;{}&#8220;][et_pb_column type=&#8220;3_5&#8243; _builder_version=&#8220;4.21.0&#8243; _module_preset=&#8220;default&#8220; global_colors_info=&#8220;{}&#8220;][et_pb_image src=&#8220;http:\/\/beitir.is\/wp-content\/uploads\/2023\/08\/20161207_101244-1-scaled.jpg&#8220; _builder_version=&#8220;4.22.1&#8243; _module_preset=&#8220;default&#8220; hover_enabled=&#8220;0&#8243; global_colors_info=&#8220;{}&#8220; title_text=&#8220;20161207_101244&#8243; sticky_enabled=&#8220;0&#8243;][\/et_pb_image][\/et_pb_column][et_pb_column type=&#8220;2_5&#8243; _builder_version=&#8220;4.21.0&#8243; _module_preset=&#8220;default&#8220; global_colors_info=&#8220;{}&#8220;][et_pb_text _builder_version=&#8220;4.21.0&#8243; _module_preset=&#8220;default&#8220; header_2_font=&#8220;|700||on|||||&#8220; header_2_font_size=&#8220;35px&#8220; header_2_letter_spacing=&#8220;1px&#8220; header_3_font=&#8220;|700||on|||||&#8220; global_colors_info=&#8220;{}&#8220;]<\/p>\n<h2>Slide system for ships\/boats<\/h2>\n<p>[\/et_pb_text][et_pb_text _builder_version=&#8220;4.21.0&#8243; _module_preset=&#8220;default&#8220; text_font=&#8220;|600|||||||&#8220; custom_margin=&#8220;-32px|||||&#8220; global_colors_info=&#8220;{}&#8220;]<\/p>\n<p>We have a sliding system for boats, both rotates 360 degrees and has an adjustable length. The rotating head is made of stainless steel, while the slides themselves are made of aluminum.<\/p>\n<ul>\n<li>Made of stainless steel and aluminum<\/li>\n<li>Rotates 360 degrees<\/li>\n<li>Adjustable length<\/li>\n<li>Slides are made of aluminum, which makes them lighter and easier to move<\/li>\n<\/ul>\n<ul><\/ul>\n<p>[\/et_pb_text][\/et_pb_column][\/et_pb_row][et_pb_row column_structure=&#8220;1_3,1_3,1_3&#8243; _builder_version=&#8220;4.21.0&#8243; _module_preset=&#8220;default&#8220; width=&#8220;100%&#8220; max_width=&#8220;1280px&#8220; global_colors_info=&#8220;{}&#8220;][et_pb_column type=&#8220;1_3&#8243; _builder_version=&#8220;4.21.0&#8243; _module_preset=&#8220;default&#8220; global_colors_info=&#8220;{}&#8220;][et_pb_image src=&#8220;http:\/\/beitir.is\/wp-content\/uploads\/2023\/08\/20190130_152843-scaled.jpg&#8220; _builder_version=&#8220;4.22.1&#8243; _module_preset=&#8220;default&#8220; hover_enabled=&#8220;0&#8243; global_colors_info=&#8220;{}&#8220; title_text=&#8220;20190130_152843&#8243; sticky_enabled=&#8220;0&#8243;][\/et_pb_image][\/et_pb_column][et_pb_column type=&#8220;1_3&#8243; _builder_version=&#8220;4.21.0&#8243; _module_preset=&#8220;default&#8220; global_colors_info=&#8220;{}&#8220;][et_pb_image src=&#8220;http:\/\/beitir.is\/wp-content\/uploads\/2023\/08\/20190130_153059-scaled.jpg&#8220; _builder_version=&#8220;4.22.1&#8243; _module_preset=&#8220;default&#8220; hover_enabled=&#8220;0&#8243; global_colors_info=&#8220;{}&#8220; title_text=&#8220;20190130_153059&#8243; sticky_enabled=&#8220;0&#8243;][\/et_pb_image][\/et_pb_column][et_pb_column type=&#8220;1_3&#8243; _builder_version=&#8220;4.21.0&#8243; _module_preset=&#8220;default&#8220; global_colors_info=&#8220;{}&#8220;][et_pb_image src=&#8220;http:\/\/beitir.is\/wp-content\/uploads\/2023\/08\/20190130_152834-scaled.jpg&#8220; _builder_version=&#8220;4.22.1&#8243; _module_preset=&#8220;default&#8220; hover_enabled=&#8220;0&#8243; global_colors_info=&#8220;{}&#8220; title_text=&#8220;20190130_152834&#8243; sticky_enabled=&#8220;0&#8243;][\/et_pb_image][\/et_pb_column][\/et_pb_row][\/et_pb_section][et_pb_section fb_built=&#8220;1&#8243; admin_label=&#8220;Promo&#8220; _builder_version=&#8220;4.21.0&#8243; background_color=&#8220;rgba(12,12,12,0.6)&#8220; background_image=&#8220;http:\/\/beitir.is\/wp-content\/uploads\/2023\/05\/Beitir-forsida.png&#8220; background_blend=&#8220;color&#8220; custom_margin=&#8220;||||true|false&#8220; custom_margin_tablet=&#8220;&#8220; custom_margin_phone=&#8220;0px|0px|0px|0px&#8220; custom_margin_last_edited=&#8220;on|phone&#8220; custom_padding=&#8220;270px||270px||true|false&#8220; animation_style=&#8220;slide&#8220; animation_direction=&#8220;left&#8220; animation_intensity_slide=&#8220;2%&#8220; collapsed=&#8220;off&#8220; global_colors_info=&#8220;{}&#8220; theme_builder_area=&#8220;post_content&#8220;][et_pb_row _builder_version=&#8220;4.21.0&#8243; _module_preset=&#8220;default&#8220; global_colors_info=&#8220;{}&#8220; theme_builder_area=&#8220;post_content&#8220;][et_pb_column type=&#8220;4_4&#8243; _builder_version=&#8220;4.21.0&#8243; _module_preset=&#8220;default&#8220; global_colors_info=&#8220;{}&#8220; theme_builder_area=&#8220;post_content&#8220;][et_pb_image src=&#8220;http:\/\/beitir.is\/wp-content\/uploads\/2023\/05\/Beitir-logo.png&#8220; title_text=&#8220;Beitir-logo&#8220; _builder_version=&#8220;4.21.0&#8243; _module_preset=&#8220;default&#8220; global_colors_info=&#8220;{}&#8220; theme_builder_area=&#8220;post_content&#8220;][\/et_pb_image][\/et_pb_column][\/et_pb_row][\/et_pb_section][et_pb_section fb_built=&#8220;1&#8243; admin_label=&#8220;Footer&#8220; _builder_version=&#8220;4.16&#8243; background_color=&#8220;#d3dae4&#8243; custom_margin=&#8220;60px|60px|60px|60px&#8220; custom_margin_tablet=&#8220;&#8220; custom_margin_phone=&#8220;0px|0px|0px|0px&#8220; custom_margin_last_edited=&#8220;on|phone&#8220; custom_padding=&#8220;110px|0px|0px|0px&#8220; collapsed=&#8220;off&#8220; global_colors_info=&#8220;{}&#8220; theme_builder_area=&#8220;post_content&#8220;][et_pb_row column_structure=&#8220;1_4,1_4,1_2&#8243; _builder_version=&#8220;4.21.0&#8243; max_width=&#8220;1280px&#8220; global_colors_info=&#8220;{}&#8220; theme_builder_area=&#8220;post_content&#8220;][et_pb_column type=&#8220;1_4&#8243; _builder_version=&#8220;4.16&#8243; custom_padding=&#8220;40px|||&#8220; global_colors_info=&#8220;{}&#8220; custom_padding__hover=&#8220;|||&#8220; theme_builder_area=&#8220;post_content&#8220;][et_pb_text admin_label=&#8220;Title&#8220; _builder_version=&#8220;4.21.0&#8243; text_font=&#8220;||||||||&#8220; header_font=&#8220;||||||||&#8220; header_2_font=&#8220;||||||||&#8220; header_4_font=&#8220;Roboto|700||on|||||&#8220; header_4_letter_spacing=&#8220;1px&#8220; header_4_line_height=&#8220;1.4em&#8220; custom_margin=&#8220;||10px|&#8220; custom_padding=&#8220;|||&#8220; animation_style=&#8220;fade&#8220; global_colors_info=&#8220;{}&#8220; theme_builder_area=&#8220;post_content&#8220;]<\/p>\n<h4>Visit Us<\/h4>\n<p>[\/et_pb_text][et_pb_divider color=&#8220;#E02B20&#8243; divider_weight=&#8220;2px&#8220; disabled_on=&#8220;off|off|off&#8220; _builder_version=&#8220;4.22.1&#8243; max_width=&#8220;110px&#8220; animation_style=&#8220;fade&#8220; locked=&#8220;off&#8220; global_colors_info=&#8220;{}&#8220; theme_builder_area=&#8220;post_content&#8220;][\/et_pb_divider][et_pb_text _builder_version=&#8220;4.21.0&#8243; text_font=&#8220;||||||||&#8220; text_font_size=&#8220;16px&#8220; text_line_height=&#8220;1.8em&#8220; custom_margin=&#8220;-30px|||&#8220; animation_style=&#8220;fade&#8220; global_colors_info=&#8220;{}&#8220; theme_builder_area=&#8220;post_content&#8220;]<\/p>\n<p>J\u00f3nsv\u00f6r 3<\/p>\n<p>190 Vogar<\/p>\n<p>[\/et_pb_text][\/et_pb_column][et_pb_column type=&#8220;1_4&#8243; _builder_version=&#8220;4.16&#8243; custom_padding=&#8220;40px|||&#8220; global_colors_info=&#8220;{}&#8220; custom_padding__hover=&#8220;|||&#8220; theme_builder_area=&#8220;post_content&#8220;][et_pb_text admin_label=&#8220;Title&#8220; _builder_version=&#8220;4.21.0&#8243; text_font=&#8220;||||||||&#8220; header_font=&#8220;||||||||&#8220; header_2_font=&#8220;||||||||&#8220; header_4_font=&#8220;Roboto|700||on|||||&#8220; header_4_letter_spacing=&#8220;1px&#8220; header_4_line_height=&#8220;1.4em&#8220; custom_margin=&#8220;||10px|&#8220; custom_padding=&#8220;|||&#8220; animation_style=&#8220;fade&#8220; global_colors_info=&#8220;{}&#8220; theme_builder_area=&#8220;post_content&#8220;]<\/p>\n<h4>Opening hours<\/h4>\n<p>[\/et_pb_text][et_pb_divider color=&#8220;#E02B20&#8243; divider_weight=&#8220;2px&#8220; disabled_on=&#8220;off|off|off&#8220; _builder_version=&#8220;4.22.1&#8243; max_width=&#8220;110px&#8220; animation_style=&#8220;fade&#8220; locked=&#8220;off&#8220; global_colors_info=&#8220;{}&#8220; theme_builder_area=&#8220;post_content&#8220;][\/et_pb_divider][et_pb_text _builder_version=&#8220;4.21.0&#8243; text_font=&#8220;||||||||&#8220; text_font_size=&#8220;16px&#8220; text_line_height=&#8220;1.8em&#8220; custom_margin=&#8220;-30px|||&#8220; animation_style=&#8220;fade&#8220; locked=&#8220;off&#8220; global_colors_info=&#8220;{}&#8220; theme_builder_area=&#8220;post_content&#8220;]<\/p>\n<p>Mon - Fri: 8-17<\/p>\n<p>Closed on Weekends<\/p>\n<p>[\/et_pb_text][\/et_pb_column][et_pb_column type=&#8220;1_2&#8243; _builder_version=&#8220;4.16&#8243; custom_padding=&#8220;|||&#8220; global_colors_info=&#8220;{}&#8220; custom_padding__hover=&#8220;|||&#8220; theme_builder_area=&#8220;post_content&#8220;][et_pb_image src=&#8220;http:\/\/beitir.is\/wp-content\/uploads\/2023\/07\/BS200.png&#8220; title_text=&#8220;BS200&#8243; show_bottom_space=&#8220;off&#8220; align=&#8220;center&#8220; align_tablet=&#8220;center&#8220; align_phone=&#8220;center&#8220; align_last_edited=&#8220;on|desktop&#8220; _builder_version=&#8220;4.21.0&#8243; custom_margin=&#8220;|||&#8220; animation_style=&#8220;slide&#8220; animation_direction=&#8220;left&#8220; animation_intensity_slide=&#8220;4%&#8220; animation=&#8220;off&#8220; global_colors_info=&#8220;{}&#8220; theme_builder_area=&#8220;post_content&#8220;][\/et_pb_image][\/et_pb_column][\/et_pb_row][\/et_pb_section]<\/p>","protected":false},"excerpt":{"rendered":"<p>Rennukerfi fyrir lestarVi\u00f0 erum me\u00f0 rennukerfi fyrir lestar, sn\u00fdst b\u00e6\u00f0i 360 gr\u00e1\u00f0ur og er me\u00f0 stillanlega lengd. Sn\u00faningshausinn er \u00far ry\u00f0fr\u00edu st\u00e1li en rennurnar sj\u00e1lfar eru \u00far \u00e1li. \u00dar ry\u00f0fr\u00edu st\u00e1li og \u00e1li Sn\u00fdst 360 gr\u00e1\u00f0ur Stillanleg lengd Rennur \u00far \u00e1li sem gerir \u00fe\u00e6r l\u00e9ttari og au\u00f0veldari \u00ed tilf\u00e6rslum Heims\u00e6ktu okkurJ\u00f3nsv\u00f6r 3 190 VogarOpnunart\u00edmarM\u00e1n &#8211; F\u00f6s: 8-17 Loka\u00f0 um helgar<\/p>","protected":false},"author":2,"featured_media":0,"parent":32,"menu_order":0,"comment_status":"closed","ping_status":"closed","template":"","meta":{"_et_pb_use_builder":"on","_et_pb_old_content":"","_et_gb_content_width":"","footnotes":""},"class_list":["post-54","page","type-page","status-publish","hentry"],"_links":{"self":[{"href":"https:\/\/beitir.is\/en\/wp-json\/wp\/v2\/pages\/54","targetHints":{"allow":["GET"]}}],"collection":[{"href":"https:\/\/beitir.is\/en\/wp-json\/wp\/v2\/pages"}],"about":[{"href":"https:\/\/beitir.is\/en\/wp-json\/wp\/v2\/types\/page"}],"author":[{"embeddable":true,"href":"https:\/\/beitir.is\/en\/wp-json\/wp\/v2\/users\/2"}],"replies":[{"embeddable":true,"href":"https:\/\/beitir.is\/en\/wp-json\/wp\/v2\/comments?post=54"}],"version-history":[{"count":4,"href":"https:\/\/beitir.is\/en\/wp-json\/wp\/v2\/pages\/54\/revisions"}],"predecessor-version":[{"id":358,"href":"https:\/\/beitir.is\/en\/wp-json\/wp\/v2\/pages\/54\/revisions\/358"}],"up":[{"embeddable":true,"href":"https:\/\/beitir.is\/en\/wp-json\/wp\/v2\/pages\/32"}],"wp:attachment":[{"href":"https:\/\/beitir.is\/en\/wp-json\/wp\/v2\/media?parent=54"}],"curies":[{"name":"wp","href":"https:\/\/api.w.org\/{rel}","templated":true}]}}